{"id":3610,"date":"2026-03-19T21:35:18","date_gmt":"2026-03-19T21:35:18","guid":{"rendered":"https:\/\/podiumtr.net\/home\/"},"modified":"2026-03-30T19:30:14","modified_gmt":"2026-03-30T19:30:14","slug":"ana-sayfa","status":"publish","type":"page","link":"https:\/\/podiumtr.net\/tr\/","title":{"rendered":"Ana Sayfa"},"content":{"rendered":"<div data-elementor-type=\"wp-page\" data-elementor-id=\"3610\" class=\"elementor elementor-3610\">\n\t\t\t\t<div class=\"elementor-element elementor-element-d473761 e-flex e-con-boxed e-con e-parent\" data-id=\"d473761\" data-element_type=\"container\" data-e-type=\"container\" data-settings=\"{&quot;background_background&quot;:&quot;gradient&quot;}\">\n\t\t\t\t\t<div class=\"e-con-inner\">\n\t\t<div class=\"elementor-element elementor-element-6ec7f68 e-con-full e-flex e-con e-child\" data-id=\"6ec7f68\" data-element_type=\"container\" data-e-type=\"container\">\n\t\t\t\t<div class=\"elementor-element elementor-element-ca5150f elementor-widget__width-initial elementor-widget elementor-widget-heading\" data-id=\"ca5150f\" data-element_type=\"widget\" data-e-type=\"widget\" data-widget_type=\"heading.default\">\n\t\t\t\t<div class=\"elementor-widget-container\">\n\t\t\t\t\t<h2 class=\"elementor-heading-title elementor-size-default\">Hemen tasarlamaya ba\u015flay\u0131n!<\/h2>\t\t\t\t<\/div>\n\t\t\t\t<\/div>\n\t\t\t\t<div class=\"elementor-element elementor-element-7c1d6c7 elementor-align-center elementor-widget__width-initial elementor-widget elementor-widget-button\" data-id=\"7c1d6c7\" data-element_type=\"widget\" data-e-type=\"widget\" data-widget_type=\"button.default\">\n\t\t\t\t<div class=\"elementor-widget-container\">\n\t\t\t\t\t\t\t\t\t<div class=\"elementor-button-wrapper\">\n\t\t\t\t\t<a class=\"elementor-button elementor-button-link elementor-size-sm\" href=\"https:\/\/podiumtr.net\/tr\/tasarim-editoru\/\">\n\t\t\t\t\t\t<span class=\"elementor-button-content-wrapper\">\n\t\t\t\t\t\t\t\t\t<span class=\"elementor-button-text\">Buraya t\u0131kla<\/span>\n\t\t\t\t\t<\/span>\n\t\t\t\t\t<\/a>\n\t\t\t\t<\/div>\n\t\t\t\t\t\t\t\t<\/div>\n\t\t\t\t<\/div>\n\t\t\t\t<\/div>\n\t\t\t\t\t<\/div>\n\t\t\t\t<\/div>\n\t\t<div class=\"elementor-element elementor-element-a67bdf1 e-grid e-con-boxed e-con e-parent\" data-id=\"a67bdf1\" data-element_type=\"container\" data-e-type=\"container\">\n\t\t\t\t\t<div class=\"e-con-inner\">\n\t\t\t\t<div class=\"elementor-element elementor-element-3676f08 elementor-widget elementor-widget-heading\" data-id=\"3676f08\" data-element_type=\"widget\" data-e-type=\"widget\" data-widget_type=\"heading.default\">\n\t\t\t\t<div class=\"elementor-widget-container\">\n\t\t\t\t\t<h2 class=\"elementor-heading-title elementor-size-default\"><br>1-Tasarla<\/h2>\t\t\t\t<\/div>\n\t\t\t\t<\/div>\n\t\t\t\t<div class=\"elementor-element elementor-element-a308e95 elementor-widget elementor-widget-heading\" data-id=\"a308e95\" data-element_type=\"widget\" data-e-type=\"widget\" data-widget_type=\"heading.default\">\n\t\t\t\t<div class=\"elementor-widget-container\">\n\t\t\t\t\t<h2 class=\"elementor-heading-title elementor-size-default\"><br>2-Sipari\u015f Ver<\/h2>\t\t\t\t<\/div>\n\t\t\t\t<\/div>\n\t\t\t\t<div class=\"elementor-element elementor-element-94e955a elementor-widget elementor-widget-heading\" data-id=\"94e955a\" data-element_type=\"widget\" data-e-type=\"widget\" data-widget_type=\"heading.default\">\n\t\t\t\t<div class=\"elementor-widget-container\">\n\t\t\t\t\t<h2 class=\"elementor-heading-title elementor-size-default\"><br>3-Kap\u0131na Gelsin<\/h2>\t\t\t\t<\/div>\n\t\t\t\t<\/div>\n\t\t\t\t\t<\/div>\n\t\t\t\t<\/div>\n\t\t<div class=\"elementor-element elementor-element-7a3cd82 e-grid e-con-boxed e-con e-parent\" data-id=\"7a3cd82\" data-element_type=\"container\" data-e-type=\"container\">\n\t\t\t\t\t<div class=\"e-con-inner\">\n\t\t\t\t<div class=\"elementor-element elementor-element-930a4b7 elementor-widget elementor-widget-image\" data-id=\"930a4b7\" data-element_type=\"widget\" data-e-type=\"widget\" data-widget_type=\"image.default\">\n\t\t\t\t<div class=\"elementor-widget-container\">\n\t\t\t\t\t\t\t\t\t\t\t\t\t\t\t<img fetchpriority=\"high\" decoding=\"async\" width=\"512\" height=\"512\" src=\"https:\/\/podiumtr.net\/wp-content\/uploads\/2026\/03\/3940059.png\" class=\"attachment-large size-large wp-image-5678\" alt=\"3940059\" srcset=\"https:\/\/podiumtr.net\/wp-content\/uploads\/2026\/03\/3940059.png 512w, https:\/\/podiumtr.net\/wp-content\/uploads\/2026\/03\/3940059-300x300.png 300w, https:\/\/podiumtr.net\/wp-content\/uploads\/2026\/03\/3940059-150x150.png 150w, https:\/\/podiumtr.net\/wp-content\/uploads\/2026\/03\/3940059-100x100.png 100w\" sizes=\"(max-width: 512px) 100vw, 512px\" title=\"Ana Sayfa\">\t\t\t\t\t\t\t\t\t\t\t\t\t\t\t<\/div>\n\t\t\t\t<\/div>\n\t\t\t\t<div class=\"elementor-element elementor-element-dd851bd elementor-widget elementor-widget-image\" data-id=\"dd851bd\" data-element_type=\"widget\" data-e-type=\"widget\" data-widget_type=\"image.default\">\n\t\t\t\t<div class=\"elementor-widget-container\">\n\t\t\t\t\t\t\t\t\t\t\t\t\t\t\t<img decoding=\"async\" width=\"512\" height=\"512\" src=\"https:\/\/podiumtr.net\/wp-content\/uploads\/2026\/03\/16268415.png\" class=\"attachment-large size-large wp-image-5677\" alt=\"16268415\" srcset=\"https:\/\/podiumtr.net\/wp-content\/uploads\/2026\/03\/16268415.png 512w, https:\/\/podiumtr.net\/wp-content\/uploads\/2026\/03\/16268415-300x300.png 300w, https:\/\/podiumtr.net\/wp-content\/uploads\/2026\/03\/16268415-150x150.png 150w, https:\/\/podiumtr.net\/wp-content\/uploads\/2026\/03\/16268415-100x100.png 100w\" sizes=\"(max-width: 512px) 100vw, 512px\" title=\"Ana Sayfa\">\t\t\t\t\t\t\t\t\t\t\t\t\t\t\t<\/div>\n\t\t\t\t<\/div>\n\t\t\t\t<div class=\"elementor-element elementor-element-656bdb2 elementor-widget elementor-widget-image\" data-id=\"656bdb2\" data-element_type=\"widget\" data-e-type=\"widget\" data-widget_type=\"image.default\">\n\t\t\t\t<div class=\"elementor-widget-container\">\n\t\t\t\t\t\t\t\t\t\t\t\t\t\t\t<img decoding=\"async\" width=\"512\" height=\"512\" src=\"https:\/\/podiumtr.net\/wp-content\/uploads\/2026\/03\/delivery-truck_10967080.png\" class=\"attachment-large size-large wp-image-5676\" alt=\"delivery truck 10967080\" srcset=\"https:\/\/podiumtr.net\/wp-content\/uploads\/2026\/03\/delivery-truck_10967080.png 512w, https:\/\/podiumtr.net\/wp-content\/uploads\/2026\/03\/delivery-truck_10967080-300x300.png 300w, https:\/\/podiumtr.net\/wp-content\/uploads\/2026\/03\/delivery-truck_10967080-150x150.png 150w, https:\/\/podiumtr.net\/wp-content\/uploads\/2026\/03\/delivery-truck_10967080-100x100.png 100w\" sizes=\"(max-width: 512px) 100vw, 512px\" title=\"Ana Sayfa\">\t\t\t\t\t\t\t\t\t\t\t\t\t\t\t<\/div>\n\t\t\t\t<\/div>\n\t\t\t\t\t<\/div>\n\t\t\t\t<\/div>\n\t\t<div class=\"elementor-element elementor-element-53cd2a6 e-flex e-con-boxed e-con e-parent\" data-id=\"53cd2a6\" data-element_type=\"container\" data-e-type=\"container\">\n\t\t\t\t\t<div class=\"e-con-inner\">\n\t\t\t\t<div class=\"elementor-element elementor-element-a17659e elementor-widget-divider--view-line elementor-widget elementor-widget-divider\" data-id=\"a17659e\" data-element_type=\"widget\" data-e-type=\"widget\" data-widget_type=\"divider.default\">\n\t\t\t\t<div class=\"elementor-widget-container\">\n\t\t\t\t\t\t\t<div class=\"elementor-divider\">\n\t\t\t<span class=\"elementor-divider-separator\">\n\t\t\t\t\t\t<\/span>\n\t\t<\/div>\n\t\t\t\t\t\t<\/div>\n\t\t\t\t<\/div>\n\t\t\t\t\t<\/div>\n\t\t\t\t<\/div>\n\t\t<div class=\"elementor-element elementor-element-608af28 e-flex e-con-boxed e-con e-parent\" data-id=\"608af28\" data-element_type=\"container\" data-e-type=\"container\">\n\t\t\t\t\t<div class=\"e-con-inner\">\n\t\t\t\t\t<\/div>\n\t\t\t\t<\/div>\n\t\t\t\t<\/div>","protected":false},"excerpt":{"rendered":"<p>Hemen tasarlamaya ba\u015flay\u0131n! Buraya t\u0131kla 1-Tasarla 2-Sipari\u015f Ver 3-Kap\u0131na Gelsin<\/p>","protected":false},"author":1,"featured_media":5589,"parent":0,"menu_order":0,"comment_status":"closed","ping_status":"closed","template":"","meta":{"_uag_custom_page_level_css":"","site-sidebar-layout":"no-sidebar","site-content-layout":"plain-container","ast-site-content-layout":"full-width-container","site-content-style":"unboxed","site-sidebar-style":"unboxed","ast-global-header-display":"","ast-banner-title-visibility":"","ast-main-header-display":"","ast-hfb-above-header-display":"","ast-hfb-below-header-display":"","ast-hfb-mobile-header-display":"","site-post-title":"disabled","ast-breadcrumbs-content":"","ast-featured-img":"disabled","footer-sml-layout":"","ast-disable-related-posts":"","theme-transparent-header-meta":"default","adv-header-id-meta":"","stick-header-meta":"","header-above-stick-meta":"","header-main-stick-meta":"","header-below-stick-meta":"","astra-migrate-meta-layouts":"set","ast-page-background-enabled":"default","ast-page-background-meta":{"desktop":{"background-color":"","background-image":"","background-repeat":"repeat","background-position":"center center","background-size":"auto","background-attachment":"scroll","background-type":"","background-media":"","overlay-type":"","overlay-color":"","overlay-opacity":"","overlay-gradient":""},"tablet":{"background-color":"","background-image":"","background-repeat":"repeat","background-position":"center center","background-size":"auto","background-attachment":"scroll","background-type":"","background-media":"","overlay-type":"","overlay-color":"","overlay-opacity":"","overlay-gradient":""},"mobile":{"background-color":"","background-image":"","background-repeat":"repeat","background-position":"center center","background-size":"auto","background-attachment":"scroll","background-type":"","background-media":"","overlay-type":"","overlay-color":"","overlay-opacity":"","overlay-gradient":""}},"ast-content-background-meta":{"desktop":{"background-color":"var(--ast-global-color-5)","background-image":"","background-repeat":"repeat","background-position":"center center","background-size":"auto","background-attachment":"scroll","background-type":"","background-media":"","overlay-type":"","overlay-color":"","overlay-opacity":"","overlay-gradient":""},"tablet":{"background-color":"var(--ast-global-color-5)","background-image":"","background-repeat":"repeat","background-position":"center center","background-size":"auto","background-attachment":"scroll","background-type":"","background-media":"","overlay-type":"","overlay-color":"","overlay-opacity":"","overlay-gradient":""},"mobile":{"background-color":"var(--ast-global-color-5)","background-image":"","background-repeat":"repeat","background-position":"center center","background-size":"auto","background-attachment":"scroll","background-type":"","background-media":"","overlay-type":"","overlay-color":"","overlay-opacity":"","overlay-gradient":""}},"footnotes":""},"class_list":["post-3610","page","type-page","status-publish","has-post-thumbnail","hentry"],"_hostinger_reach_plugin_has_subscription_block":false,"_hostinger_reach_plugin_is_elementor":false,"uagb_featured_image_src":{"full":["https:\/\/podiumtr.net\/wp-content\/uploads\/2026\/03\/Gemini_Generated_Image_lsxcadlsxcadlsxc_Nero_AI_Image_Upscaler_Photo_Face-scaled.png",2560,1428,false],"thumbnail":["https:\/\/podiumtr.net\/wp-content\/uploads\/2026\/03\/Gemini_Generated_Image_lsxcadlsxcadlsxc_Nero_AI_Image_Upscaler_Photo_Face-150x150.png",150,150,true],"medium":["https:\/\/podiumtr.net\/wp-content\/uploads\/2026\/03\/Gemini_Generated_Image_lsxcadlsxcadlsxc_Nero_AI_Image_Upscaler_Photo_Face-300x167.png",300,167,true],"medium_large":["https:\/\/podiumtr.net\/wp-content\/uploads\/2026\/03\/Gemini_Generated_Image_lsxcadlsxcadlsxc_Nero_AI_Image_Upscaler_Photo_Face-768x428.png",768,428,true],"large":["https:\/\/podiumtr.net\/wp-content\/uploads\/2026\/03\/Gemini_Generated_Image_lsxcadlsxcadlsxc_Nero_AI_Image_Upscaler_Photo_Face-1024x571.png",1024,571,true],"1536x1536":["https:\/\/podiumtr.net\/wp-content\/uploads\/2026\/03\/Gemini_Generated_Image_lsxcadlsxcadlsxc_Nero_AI_Image_Upscaler_Photo_Face-1536x857.png",1536,857,true],"2048x2048":["https:\/\/podiumtr.net\/wp-content\/uploads\/2026\/03\/Gemini_Generated_Image_lsxcadlsxcadlsxc_Nero_AI_Image_Upscaler_Photo_Face-2048x1143.png",2048,1143,true],"trp-custom-language-flag":["https:\/\/podiumtr.net\/wp-content\/uploads\/2026\/03\/Gemini_Generated_Image_lsxcadlsxcadlsxc_Nero_AI_Image_Upscaler_Photo_Face-scaled.png",18,10,false],"woocommerce_thumbnail":["https:\/\/podiumtr.net\/wp-content\/uploads\/2026\/03\/Gemini_Generated_Image_lsxcadlsxcadlsxc_Nero_AI_Image_Upscaler_Photo_Face-300x300.png",300,300,true],"woocommerce_single":["https:\/\/podiumtr.net\/wp-content\/uploads\/2026\/03\/Gemini_Generated_Image_lsxcadlsxcadlsxc_Nero_AI_Image_Upscaler_Photo_Face-600x335.png",600,335,true],"woocommerce_gallery_thumbnail":["https:\/\/podiumtr.net\/wp-content\/uploads\/2026\/03\/Gemini_Generated_Image_lsxcadlsxcadlsxc_Nero_AI_Image_Upscaler_Photo_Face-100x100.png",100,100,true],"dgwt-wcas-product-suggestion":["https:\/\/podiumtr.net\/wp-content\/uploads\/2026\/03\/Gemini_Generated_Image_lsxcadlsxcadlsxc_Nero_AI_Image_Upscaler_Photo_Face-scaled.png",64,36,false]},"uagb_author_info":{"display_name":"bilalkartar@gmail.com","author_link":"https:\/\/podiumtr.net\/tr\/author\/bilalkartargmail-com\/"},"uagb_comment_info":0,"uagb_excerpt":"Hemen tasarlamaya ba\u015flay\u0131n! Buraya t\u0131kla 1-Tasarla 2-Sipari\u015f Ver 3-Kap\u0131na Gelsin","_links":{"self":[{"href":"https:\/\/podiumtr.net\/tr\/wp-json\/wp\/v2\/pages\/3610","targetHints":{"allow":["GET"]}}],"collection":[{"href":"https:\/\/podiumtr.net\/tr\/wp-json\/wp\/v2\/pages"}],"about":[{"href":"https:\/\/podiumtr.net\/tr\/wp-json\/wp\/v2\/types\/page"}],"author":[{"embeddable":true,"href":"https:\/\/podiumtr.net\/tr\/wp-json\/wp\/v2\/users\/1"}],"replies":[{"embeddable":true,"href":"https:\/\/podiumtr.net\/tr\/wp-json\/wp\/v2\/comments?post=3610"}],"version-history":[{"count":33,"href":"https:\/\/podiumtr.net\/tr\/wp-json\/wp\/v2\/pages\/3610\/revisions"}],"predecessor-version":[{"id":5860,"href":"https:\/\/podiumtr.net\/tr\/wp-json\/wp\/v2\/pages\/3610\/revisions\/5860"}],"wp:featuredmedia":[{"embeddable":true,"href":"https:\/\/podiumtr.net\/tr\/wp-json\/wp\/v2\/media\/5589"}],"wp:attachment":[{"href":"https:\/\/podiumtr.net\/tr\/wp-json\/wp\/v2\/media?parent=3610"}],"curies":[{"name":"wp","href":"https:\/\/api.w.org\/{rel}","templated":true}]}}